{"id":8469,"date":"2018-05-09T10:26:24","date_gmt":"2018-05-09T06:26:24","guid":{"rendered":"https:\/\/gadimgalastudios.com\/media\/"},"modified":"2024-12-06T14:01:25","modified_gmt":"2024-12-06T10:01:25","slug":"media-2","status":"publish","type":"page","link":"https:\/\/gadimgalastudios.com\/en\/media-2\/","title":{"rendered":"Media"},"content":{"rendered":"\t\t<div data-elementor-type=\"wp-page\" data-elementor-id=\"8469\" class=\"elementor elementor-8469 elementor-2525\" data-elementor-post-type=\"page\">\n\t\t\t\t\t\t<section class=\"elementor-section elementor-top-section elementor-element elementor-element-0c54599 elementor-section-full_width elementor-section-height-default elementor-section-height-default edgtf-parallax-row-no edgtf-content-aligment-left edgtf-elementor-row-grid-no edgtf-disabled-bg-image-bellow-no\" data-id=\"0c54599\" data-element_type=\"section\" data-e-type=\"section\" data-settings=\"{&quot;background_background&quot;:&quot;classic&quot;}\">\n\t\t\t\t\t\t<div class=\"elementor-container elementor-column-gap-default\">\n\t\t\t\t\t<div class=\"elementor-column elementor-col-100 elementor-top-column elementor-element elementor-element-ad1acc1\" data-id=\"ad1acc1\" data-element_type=\"column\" data-e-type=\"column\">\n\t\t\t<div class=\"elementor-widget-wrap elementor-element-populated\">\n\t\t\t\t\t\t<section class=\"elementor-section elementor-inner-section elementor-element elementor-element-b1a9c02 elementor-section-full_width edgtf-elementor-row-grid-section elementor-section-height-default elementor-section-height-default edgtf-parallax-row-no edgtf-content-aligment-left edgtf-disabled-bg-image-bellow-no\" data-id=\"b1a9c02\" data-element_type=\"section\" data-e-type=\"section\">\n\t\t\t\t\t\t<div class=\"elementor-container elementor-column-gap-default\">\n\t\t\t\t\t<div class=\"elementor-column elementor-col-100 elementor-inner-column elementor-element elementor-element-a270317\" data-id=\"a270317\" data-element_type=\"column\" data-e-type=\"column\">\n\t\t\t<div class=\"elementor-widget-wrap elementor-element-populated\">\n\t\t\t\t\t\t<div class=\"elementor-element elementor-element-44be2ea word-wrapping elementor-widget elementor-widget-heading\" data-id=\"44be2ea\" data-element_type=\"widget\" data-e-type=\"widget\" data-widget_type=\"heading.default\">\n\t\t\t\t<div class=\"elementor-widget-container\">\n\t\t\t\t\t<h6 class=\"elementor-heading-title elementor-size-default\">NEWS AND ANNOUNCEMENTS<\/h6>\t\t\t\t<\/div>\n\t\t\t\t<\/div>\n\t\t\t\t\t<\/div>\n\t\t<\/div>\n\t\t\t\t\t<\/div>\n\t\t<\/section>\n\t\t\t\t\t<\/div>\n\t\t<\/div>\n\t\t\t\t\t<\/div>\n\t\t<\/section>\n\t\t\t\t<section class=\"elementor-section elementor-top-section elementor-element elementor-element-da5f9e9 elementor-section-full_width elementor-section-height-default elementor-section-height-default edgtf-parallax-row-no edgtf-content-aligment-left edgtf-elementor-row-grid-no edgtf-disabled-bg-image-bellow-no\" data-id=\"da5f9e9\" data-element_type=\"section\" data-e-type=\"section\">\n\t\t\t\t\t\t<div class=\"elementor-container elementor-column-gap-default\">\n\t\t\t\t\t<div class=\"elementor-column elementor-col-100 elementor-top-column elementor-element elementor-element-783ad81\" data-id=\"783ad81\" data-element_type=\"column\" data-e-type=\"column\">\n\t\t\t<div class=\"elementor-widget-wrap elementor-element-populated\">\n\t\t\t\t\t\t<section class=\"elementor-section elementor-inner-section elementor-element elementor-element-68b92d9 elementor-section-full_width edgtf-elementor-row-grid-section elementor-section-height-default elementor-section-height-default edgtf-parallax-row-no edgtf-content-aligment-left edgtf-disabled-bg-image-bellow-no\" data-id=\"68b92d9\" data-element_type=\"section\" data-e-type=\"section\">\n\t\t\t\t\t\t<div class=\"elementor-container elementor-column-gap-default\">\n\t\t\t\t\t<div class=\"elementor-column elementor-col-100 elementor-inner-column elementor-element elementor-element-7683dcc\" data-id=\"7683dcc\" data-element_type=\"column\" data-e-type=\"column\">\n\t\t\t<div class=\"elementor-widget-wrap elementor-element-populated\">\n\t\t\t\t\t\t<div class=\"elementor-element elementor-element-bf7f851 elementor-widget elementor-widget-edgtf_blog_list\" data-id=\"bf7f851\" data-element_type=\"widget\" data-e-type=\"widget\" data-widget_type=\"edgtf_blog_list.default\">\n\t\t\t\t<div class=\"elementor-widget-container\">\n\t\t\t\t\t<div class=\"edgtf-blog-list-holder edgtf-bl-standard edgtf-bl-three-columns edgtf-normal-space  edgtf-bl-has-image edgtf-bl-pag-infinite-scroll\"  data-type=standard data-number-of-posts=12 data-number-of-columns=3 data-space-between-items=normal data-category=X\u0259b\u0259r,Elan data-orderby=date data-order=DESC data-image-size=cinerama_edge_image_landscape data-title-tag=h4 data-title-transform=none data-post-info-section=no data-post-info-image=yes data-post-info-author= data-post-info-date= data-post-info-category= data-post-info-comments= data-post-info-like= data-post-info-share= data-post-read-more=no data-pagination-type=infinite-scroll data-max-num-pages=1 data-next-page=2>\n\t<div class=\"edgtf-bl-wrapper edgtf-outer-space\">\n\t\t<ul class=\"edgtf-blog-list\">\n\t\t\t<li class=\"edgtf-bl-item edgtf-item-space clearfix\">\n\t<div class=\"edgtf-bli-inner\">\n\t\t\n\t<div class=\"edgtf-post-image\">\n\t\t            <a itemprop=\"url\" href=\"https:\/\/gadimgalastudios.com\/en\/a-new-beginning-that-revives-the-power-of-words\/\" title=\"A new beginning that revives the power of words\">\n\t\t\t\t\t<img fetchpriority=\"high\" decoding=\"async\" width=\"1100\" height=\"550\" src=\"https:\/\/gadimgalastudios.com\/wp-content\/uploads\/2024\/10\/2148457829-1-1100x550.jpg\" class=\"attachment-cinerama_edge_image_landscape size-cinerama_edge_image_landscape wp-post-image\" alt=\"\" \/>\t\t\t\t\t\t\t\t\t<\/a>\n\t\t\t\t\t<\/div>\n        <div class=\"edgtf-bli-content\">\n            \t\n\t        \n<h4 itemprop=\"name\" class=\"entry-title edgtf-post-title\" style=\"text-transform: none\">\n            <a itemprop=\"url\" href=\"https:\/\/gadimgalastudios.com\/en\/a-new-beginning-that-revives-the-power-of-words\/\" title=\"A new beginning that revives the power of words\">\n            A new beginning that revives the power of words            <\/a>\n    <\/h4>\t\n\t        <div class=\"edgtf-bli-excerpt\">\n\t\t        \t\t<div class=\"edgtf-post-excerpt-holder\">\n\t\t\t<p itemprop=\"description\" class=\"edgtf-post-excerpt\">\n\t\t\t\tGet ready to watch your favorite books as screenplays.\t\t\t<\/p>\n\t\t<\/div>\n\t\t        <\/div>\n        <\/div>\n\t<\/div>\n<\/li><li class=\"edgtf-bl-item edgtf-item-space clearfix\">\n\t<div class=\"edgtf-bli-inner\">\n\t\t\n\t<div class=\"edgtf-post-image\">\n\t\t            <a itemprop=\"url\" href=\"https:\/\/gadimgalastudios.com\/en\/honorary-author-of-the-10th-baku-international-book-fair-rovshan-abdullaoglu-met-with-readers\/\" title=\"Honorary author of the 10th Baku International Book Fair, Rovshan Abdullaoglu, met with readers\">\n\t\t\t\t\t<img decoding=\"async\" width=\"1100\" height=\"550\" src=\"https:\/\/gadimgalastudios.com\/wp-content\/uploads\/2024\/10\/172822356615041315-1100x550.jpeg\" class=\"attachment-cinerama_edge_image_landscape size-cinerama_edge_image_landscape wp-post-image\" alt=\"\" srcset=\"https:\/\/gadimgalastudios.com\/wp-content\/uploads\/2024\/10\/172822356615041315-1100x550.jpeg 1100w, https:\/\/gadimgalastudios.com\/wp-content\/uploads\/2024\/10\/172822356615041315-1300x650.jpeg 1300w\" sizes=\"(max-width: 1100px) 100vw, 1100px\" \/>\t\t\t\t\t\t\t\t\t<\/a>\n\t\t\t\t\t<\/div>\n        <div class=\"edgtf-bli-content\">\n            \t\n\t        \n<h4 itemprop=\"name\" class=\"entry-title edgtf-post-title\" style=\"text-transform: none\">\n            <a itemprop=\"url\" href=\"https:\/\/gadimgalastudios.com\/en\/honorary-author-of-the-10th-baku-international-book-fair-rovshan-abdullaoglu-met-with-readers\/\" title=\"Honorary author of the 10th Baku International Book Fair, Rovshan Abdullaoglu, met with readers\">\n            Honorary author of the 10th Baku International Book Fair, Rovshan Abdullaoglu, met with readers            <\/a>\n    <\/h4>\t\n\t        <div class=\"edgtf-bli-excerpt\">\n\t\t        \t\t<div class=\"edgtf-post-excerpt-holder\">\n\t\t\t<p itemprop=\"description\" class=\"edgtf-post-excerpt\">\n\t\t\t\tAs part of the 10th Baku International Book Fair, honorary author of the exhibition, Rovshan Abdullaoglu, met\t\t\t<\/p>\n\t\t<\/div>\n\t\t        <\/div>\n        <\/div>\n\t<\/div>\n<\/li><li class=\"edgtf-bl-item edgtf-item-space clearfix\">\n\t<div class=\"edgtf-bli-inner\">\n\t\t\n\t<div class=\"edgtf-post-image\">\n\t\t            <a itemprop=\"url\" href=\"https:\/\/gadimgalastudios.com\/en\/presentation-of-the-audiobook-angius\/\" title=\"Presentation of the audiobook Angius\">\n\t\t\t\t\t<img decoding=\"async\" width=\"1100\" height=\"550\" src=\"https:\/\/gadimgalastudios.com\/wp-content\/uploads\/2024\/10\/received_1095009327838456-1100x550.jpg\" class=\"attachment-cinerama_edge_image_landscape size-cinerama_edge_image_landscape wp-post-image\" alt=\"\" \/>\t\t\t\t\t\t\t\t\t<\/a>\n\t\t\t\t\t<\/div>\n        <div class=\"edgtf-bli-content\">\n            \t\n\t        \n<h4 itemprop=\"name\" class=\"entry-title edgtf-post-title\" style=\"text-transform: none\">\n            <a itemprop=\"url\" href=\"https:\/\/gadimgalastudios.com\/en\/presentation-of-the-audiobook-angius\/\" title=\"Presentation of the audiobook Angius\">\n            Presentation of the audiobook Angius            <\/a>\n    <\/h4>\t\n\t        <div class=\"edgtf-bli-excerpt\">\n\t\t        \t\t<div class=\"edgtf-post-excerpt-holder\">\n\t\t\t<p itemprop=\"description\" class=\"edgtf-post-excerpt\">\n\t\t\t\tRovshan Abdullaoglu\u2019s book Angius also has a considerable readership.\t\t\t<\/p>\n\t\t<\/div>\n\t\t        <\/div>\n        <\/div>\n\t<\/div>\n<\/li>\t\t<\/ul>\n\t<\/div>\n\t<\/div>\t\t\t\t<\/div>\n\t\t\t\t<\/div>\n\t\t\t\t\t<\/div>\n\t\t<\/div>\n\t\t\t\t\t<\/div>\n\t\t<\/section>\n\t\t\t\t\t<\/div>\n\t\t<\/div>\n\t\t\t\t\t<\/div>\n\t\t<\/section>\n\t\t\t\t<\/div>\n\t\t","protected":false},"excerpt":{"rendered":"<p>NEWS AND ANNOUNCEMENTS S\u00f6z\u00fcn g\u00fcc\u00fcn\u00fc canland\u0131ran yeni ba\u015flan\u011f\u0131c Sevil\u0259n kitablar\u0131 art\u0131q ekran \u0259s\u0259rl\u0259ri \u015f\u0259klind\u0259 izl\u0259m\u0259y\u0259 haz\u0131r olun. [&hellip;]<\/p>\n","protected":false},"author":1,"featured_media":0,"parent":0,"menu_order":0,"comment_status":"closed","ping_status":"closed","template":"full-width.php","meta":{"_acf_changed":false,"pgc_sgb_lightbox_settings":"","footnotes":""},"class_list":["post-8469","page","type-page","status-publish","hentry"],"acf":[],"_links":{"self":[{"href":"https:\/\/gadimgalastudios.com\/en\/wp-json\/wp\/v2\/pages\/8469","targetHints":{"allow":["GET"]}}],"collection":[{"href":"https:\/\/gadimgalastudios.com\/en\/wp-json\/wp\/v2\/pages"}],"about":[{"href":"https:\/\/gadimgalastudios.com\/en\/wp-json\/wp\/v2\/types\/page"}],"author":[{"embeddable":true,"href":"https:\/\/gadimgalastudios.com\/en\/wp-json\/wp\/v2\/users\/1"}],"replies":[{"embeddable":true,"href":"https:\/\/gadimgalastudios.com\/en\/wp-json\/wp\/v2\/comments?post=8469"}],"version-history":[{"count":1,"href":"https:\/\/gadimgalastudios.com\/en\/wp-json\/wp\/v2\/pages\/8469\/revisions"}],"predecessor-version":[{"id":8470,"href":"https:\/\/gadimgalastudios.com\/en\/wp-json\/wp\/v2\/pages\/8469\/revisions\/8470"}],"wp:attachment":[{"href":"https:\/\/gadimgalastudios.com\/en\/wp-json\/wp\/v2\/media?parent=8469"}],"curies":[{"name":"wp","href":"https:\/\/api.w.org\/{rel}","templated":true}]}}