{"id":8091,"date":"2021-02-12T11:29:10","date_gmt":"2021-02-12T07:29:10","guid":{"rendered":"https:\/\/gadimgalastudios.com\/hakkimizda\/"},"modified":"2024-11-28T05:58:23","modified_gmt":"2024-11-28T01:58:23","slug":"hakkimizda","status":"publish","type":"page","link":"https:\/\/gadimgalastudios.com\/tr\/hakkimizda\/","title":{"rendered":"Hakk\u0131m\u0131zda"},"content":{"rendered":"\t\t<div data-elementor-type=\"wp-page\" data-elementor-id=\"8091\" class=\"elementor elementor-8091 elementor-4675\" data-elementor-post-type=\"page\">\n\t\t\t\t\t\t<section class=\"elementor-section elementor-top-section elementor-element elementor-element-9bfe74c elementor-section-full_width elementor-section-height-default elementor-section-height-default edgtf-parallax-row-no edgtf-content-aligment-left edgtf-elementor-row-grid-no edgtf-disabled-bg-image-bellow-no\" data-id=\"9bfe74c\" data-element_type=\"section\" data-e-type=\"section\" data-settings=\"{&quot;background_background&quot;:&quot;classic&quot;}\">\n\t\t\t\t\t\t<div class=\"elementor-container elementor-column-gap-default\">\n\t\t\t\t\t<div class=\"elementor-column elementor-col-100 elementor-top-column elementor-element elementor-element-94889b1\" data-id=\"94889b1\" data-element_type=\"column\" data-e-type=\"column\">\n\t\t\t<div class=\"elementor-widget-wrap elementor-element-populated\">\n\t\t\t\t\t\t<section class=\"elementor-section elementor-inner-section elementor-element elementor-element-f5a9d9f elementor-section-full_width edgtf-elementor-row-grid-section elementor-section-height-default elementor-section-height-default edgtf-parallax-row-no edgtf-content-aligment-left edgtf-disabled-bg-image-bellow-no\" data-id=\"f5a9d9f\" data-element_type=\"section\" data-e-type=\"section\">\n\t\t\t\t\t\t<div class=\"elementor-container elementor-column-gap-default\">\n\t\t\t\t\t<div class=\"elementor-column elementor-col-100 elementor-inner-column elementor-element elementor-element-ab2a7f9\" data-id=\"ab2a7f9\" data-element_type=\"column\" data-e-type=\"column\">\n\t\t\t<div class=\"elementor-widget-wrap elementor-element-populated\">\n\t\t\t\t\t\t<div class=\"elementor-element elementor-element-74f5f92 word-wrapping elementor-widget elementor-widget-heading\" data-id=\"74f5f92\" data-element_type=\"widget\" data-e-type=\"widget\" data-widget_type=\"heading.default\">\n\t\t\t\t<div class=\"elementor-widget-container\">\n\t\t\t\t\t<h6 class=\"elementor-heading-title elementor-size-default\">M\u0130SYONUMUZ VE DE\u011eERLER\u0130M\u0130Z<\/h6>\t\t\t\t<\/div>\n\t\t\t\t<\/div>\n\t\t\t\t\t<\/div>\n\t\t<\/div>\n\t\t\t\t\t<\/div>\n\t\t<\/section>\n\t\t\t\t\t<\/div>\n\t\t<\/div>\n\t\t\t\t\t<\/div>\n\t\t<\/section>\n\t\t\t\t<section class=\"elementor-section elementor-top-section elementor-element elementor-element-e6147c8 elementor-section-full_width edgtf-elementor-row-grid-section elementor-section-height-default elementor-section-height-default edgtf-parallax-row-no edgtf-content-aligment-left edgtf-disabled-bg-image-bellow-no\" data-id=\"e6147c8\" data-element_type=\"section\" data-e-type=\"section\">\n\t\t\t\t\t\t<div class=\"elementor-container elementor-column-gap-default\">\n\t\t\t\t\t<div class=\"elementor-column elementor-col-50 elementor-top-column elementor-element elementor-element-cdbb8e7\" data-id=\"cdbb8e7\" data-element_type=\"column\" data-e-type=\"column\">\n\t\t\t<div class=\"elementor-widget-wrap elementor-element-populated\">\n\t\t\t\t\t\t<div class=\"elementor-element elementor-element-f4adefb elementor-widget elementor-widget-text-editor\" data-id=\"f4adefb\" data-element_type=\"widget\" data-e-type=\"widget\" data-widget_type=\"text-editor.default\">\n\t\t\t\t<div class=\"elementor-widget-container\">\n\t\t\t\t\t\t\t\t\t<h4 style=\"text-align: right;\">Sadece okumak de\u011fil, NE okudu\u011fumuz \u00f6nemlidir.<\/h4>\n\t\t\t\t\t\t\t\t<\/div>\n\t\t\t\t<\/div>\n\t\t\t\t\t<\/div>\n\t\t<\/div>\n\t\t\t\t<div class=\"elementor-column elementor-col-50 elementor-top-column elementor-element elementor-element-b681d11\" data-id=\"b681d11\" data-element_type=\"column\" data-e-type=\"column\">\n\t\t\t<div class=\"elementor-widget-wrap elementor-element-populated\">\n\t\t\t\t\t\t<div class=\"elementor-element elementor-element-a98e67d elementor-widget elementor-widget-text-editor\" data-id=\"a98e67d\" data-element_type=\"widget\" data-e-type=\"widget\" data-widget_type=\"text-editor.default\">\n\t\t\t\t<div class=\"elementor-widget-container\">\n\t\t\t\t\t\t\t\t\t<p>\n<span class=\"edgtf-dropcaps edgtf-normal\" style=\"color: #000\">\n\t<span class=\"edgtf-dropcaps-inner\">\n\t\t2011 \t<\/span>\n<\/span>y\u0131l\u0131nda Gadim Gala Yay\u0131nevi\u2019ni kurarken tam da bu sloganla yola \u00e7\u0131kt\u0131k. Bu ill\u0259r \u0259rzind\u0259 n\u0259\u015fr etdiyimiz kitablar\u0131 b\u00f6y\u00fck diqq\u0259t v\u0259 m\u0259suliyy\u0259tl\u0259 se\u00e7\u0259r\u0259k oxuculara fayda ver\u0259c\u0259k \u0259s\u0259rl\u0259rin i\u015f\u0131q \u00fcz\u00fc g\u00f6rm\u0259sin\u0259 \u00e7al\u0131\u015f\u0131r\u0131q. N\u0259\u015friyyat olaraq yaln\u0131z kitablar\u0131n \u00e7ap\u0131 il\u0259 kifay\u0259tl\u0259nmir, onlar\u0131n sat\u0131\u015f\u0131, t\u0259bli\u011fat\u0131, yerli \u0259d\u0259biyyat\u0131n xarici dill\u0259r\u0259 t\u0259rc\u00fcm\u0259si d\u0259 daxil olmaqla oxuculara h\u0259r platformada d\u0259y\u0259rli xidm\u0259t g\u00f6st\u0259rm\u0259k \u00fc\u00e7\u00fcn f\u0259aliyy\u0259t g\u00f6st\u0259ririk.<\/p>\n<p>N\u0259hay\u0259t, u\u015faqdan b\u00f6y\u00fcy\u0259 h\u0259r k\u0259sin z\u00f6vq ala bil\u0259c\u0259yi, m\u00fcasir t\u0259l\u0259bl\u0259r\u0259 uy\u011fun audio-vizual formata ke\u00e7m\u0259k q\u0259rar\u0131na g\u0259ldik. Bel\u0259c\u0259, oxucular\u0131n r\u0259\u011fb\u0259tini qazanm\u0131\u015f \u0259d\u0259bi \u0259s\u0259rl\u0259rin ekranlarda canlanmas\u0131 yoluna q\u0259d\u0259m qoyduq.<\/p>\n\t\t\t\t\t\t\t\t<\/div>\n\t\t\t\t<\/div>\n\t\t\t\t<div class=\"elementor-element elementor-element-a300753 elementor-widget elementor-widget-edgtf_button\" data-id=\"a300753\" data-element_type=\"widget\" data-e-type=\"widget\" data-widget_type=\"edgtf_button.default\">\n\t\t\t\t<div class=\"elementor-widget-container\">\n\t\t\t\t\t<a itemprop=\"url\" href=\"https:\/\/www.facebook.com\/qedimqala.az\" target=\"_blank\" style=\"color: #000000;border-color: #000000\" class=\"edgtf-btn edgtf-btn-medium edgtf-btn-outline edgtf-btn-light edgtf-btn-custom-hover-bg edgtf-btn-custom-border-hover edgtf-btn-custom-hover-color \" data-hover-color=\"#FFFFFF\" data-hover-bg-color=\"#000000\" data-hover-border-color=\"#000000\" 0=\"color: #000000\" 1=\"border-color: #000000\">\n    <span class=\"edgtf-btn-text\">Daha Fazla<\/span>\n    <\/a>\t\t\t\t<\/div>\n\t\t\t\t<\/div>\n\t\t\t\t\t<\/div>\n\t\t<\/div>\n\t\t\t\t\t<\/div>\n\t\t<\/section>\n\t\t\t\t<section class=\"elementor-section elementor-top-section elementor-element elementor-element-0aaa77d elementor-section-full_width elementor-section-height-default elementor-section-height-default edgtf-parallax-row-no edgtf-content-aligment-left edgtf-elementor-row-grid-no edgtf-disabled-bg-image-bellow-no\" data-id=\"0aaa77d\" data-element_type=\"section\" data-e-type=\"section\">\n\t\t\t\t\t\t<div class=\"elementor-container elementor-column-gap-default\">\n\t\t\t\t\t<div class=\"elementor-column elementor-col-100 elementor-top-column elementor-element elementor-element-fcd684d\" data-id=\"fcd684d\" data-element_type=\"column\" data-e-type=\"column\">\n\t\t\t<div class=\"elementor-widget-wrap elementor-element-populated\">\n\t\t\t\t\t\t<div class=\"elementor-element elementor-element-adcc36b elementor-widget elementor-widget-edgtf_interactive_image_with_text\" data-id=\"adcc36b\" data-element_type=\"widget\" data-e-type=\"widget\" data-widget_type=\"edgtf_interactive_image_with_text.default\">\n\t\t\t\t<div class=\"elementor-widget-container\">\n\t\t\t\t\t<div class=\"edgtf-interactive-image-with-text-holder  edgtf-iiwt-has-prefix edgtf-iiwt-prefix-left edgtf-iiwt-small-space \">\n\t\t\t<div class=\"edgtf-iiwt-prefix-holder\">\n\t\t\t<div class=\"edgtf-iiwt-prefix-inner\" style=\"color: #000000\">\n\t\t\t\t<svg class=\"edgtf-iiwt-prefix-text\"><text>GGS<\/text><\/svg>\n\t\t\t<\/div>\n\t\t<\/div>\n\t\t<div class=\"edgtf-iiwt-inner\">\n\t\t<div class=\"edgtf-iiwt-image\">\n\t\t\t\t\t\t\t\t\t\t\t\t<img fetchpriority=\"high\" decoding=\"async\" width=\"1000\" height=\"667\" src=\"https:\/\/gadimgalastudios.com\/wp-content\/uploads\/2024\/10\/2147698787-1.jpg\" class=\"attachment-full size-full\" alt=\"\" srcset=\"https:\/\/gadimgalastudios.com\/wp-content\/uploads\/2024\/10\/2147698787-1.jpg 1000w, https:\/\/gadimgalastudios.com\/wp-content\/uploads\/2024\/10\/2147698787-1-300x200.jpg 300w, https:\/\/gadimgalastudios.com\/wp-content\/uploads\/2024\/10\/2147698787-1-768x512.jpg 768w\" sizes=\"(max-width: 1000px) 100vw, 1000px\" \/>\t\t\t\t\t\t\t\t\t<\/div>\n\t\t<div class=\"edgtf-iiwt-content\">\n\t\t\t\t\t\t\t<h2 class=\"edgtf-iiwt-title\" >GADIM GALA STUDIOS<\/h2>\n\t\t\t\t\t\t\t\t\t\t<p class=\"edgtf-iiwt-text\" >Yerel ve uluslararas\u0131 ba\u015far\u0131lar\u0131m\u0131z\u0131n getirdi\u011fi g\u00fcvenle ilk ad\u0131mlar\u0131m\u0131z\u0131 att\u0131k. Gadim Gala Studios olarak ana misyonumuz, sinema sekt\u00f6r\u00fcnde y\u00fcksek kaliteli projeler sunarak hem b\u00f6lgesel hem de uluslararas\u0131 arenada lider konuma ula\u015fmakt\u0131r. Yarat\u0131c\u0131 ve profesyonel yakla\u015f\u0131mlar\u0131m\u0131zla film yap\u0131m\u0131n\u0131n her a\u015famas\u0131nda y\u00fcksek standartlara uygun profesyonel destek sa\u011flamaktay\u0131z.<\/p>\n\t\t\t\t\t\t\t\t<\/div>\n\t<\/div>\n<\/div>\t\t\t\t<\/div>\n\t\t\t\t<\/div>\n\t\t\t\t\t<\/div>\n\t\t<\/div>\n\t\t\t\t\t<\/div>\n\t\t<\/section>\n\t\t\t\t<section class=\"elementor-section elementor-top-section elementor-element elementor-element-61ba17a elementor-section-full_width elementor-section-height-default elementor-section-height-default edgtf-parallax-row-no edgtf-content-aligment-left edgtf-elementor-row-grid-no edgtf-disabled-bg-image-bellow-no\" data-id=\"61ba17a\" data-element_type=\"section\" data-e-type=\"section\">\n\t\t\t\t\t\t<div class=\"elementor-container elementor-column-gap-default\">\n\t\t\t\t\t<div class=\"elementor-column elementor-col-100 elementor-top-column elementor-element elementor-element-8ae63c2\" data-id=\"8ae63c2\" data-element_type=\"column\" data-e-type=\"column\">\n\t\t\t<div class=\"elementor-widget-wrap elementor-element-populated\">\n\t\t\t\t\t\t<section class=\"elementor-section elementor-inner-section elementor-element elementor-element-04e7c1d elementor-section-full_width edgtf-elementor-row-grid-section elementor-section-height-default elementor-section-height-default edgtf-parallax-row-no edgtf-content-aligment-left edgtf-disabled-bg-image-bellow-no\" data-id=\"04e7c1d\" data-element_type=\"section\" data-e-type=\"section\">\n\t\t\t\t\t\t<div class=\"elementor-container elementor-column-gap-default\">\n\t\t\t\t\t<div class=\"elementor-column elementor-col-100 elementor-inner-column elementor-element elementor-element-c22d5a9\" data-id=\"c22d5a9\" data-element_type=\"column\" data-e-type=\"column\">\n\t\t\t<div class=\"elementor-widget-wrap elementor-element-populated\">\n\t\t\t\t\t\t<div class=\"elementor-element elementor-element-e6c4e84 elementor-widget elementor-widget-edgtf_section_title\" data-id=\"e6c4e84\" data-element_type=\"widget\" data-e-type=\"widget\" data-widget_type=\"edgtf_section_title.default\">\n\t\t\t\t<div class=\"elementor-widget-container\">\n\t\t\t\t\t<div class=\"edgtf-section-title-holder  edgtf-st-reverse edgtf-st-title-left edgtf-st-ratio-1-2 edgtf-st-large-space\" style=\"text-align: center\">\n\t<div class=\"edgtf-st-inner\">\n\t\t\t\t\t<h6 class=\"edgtf-st-text\" style=\"color: #848484\">\n\t\t\t\tB\u0130Z\u0130M\t\t\t<\/h6>\n\t\t\t\t\t\t\t<h3 class=\"edgtf-st-title\" >\n\t\t\t\tDE\u011eERLER\u0130M\u0130Z\t\t\t<\/h3>\n\t\t\t<\/div>\n<\/div>\t\t\t\t<\/div>\n\t\t\t\t<\/div>\n\t\t\t\t\t<\/div>\n\t\t<\/div>\n\t\t\t\t\t<\/div>\n\t\t<\/section>\n\t\t\t\t\t<\/div>\n\t\t<\/div>\n\t\t\t\t\t<\/div>\n\t\t<\/section>\n\t\t\t\t<section class=\"elementor-section elementor-top-section elementor-element elementor-element-e22df9a elementor-section-full_width elementor-section-height-default elementor-section-height-default edgtf-parallax-row-no edgtf-content-aligment-left edgtf-elementor-row-grid-no edgtf-disabled-bg-image-bellow-no\" data-id=\"e22df9a\" data-element_type=\"section\" data-e-type=\"section\">\n\t\t\t\t\t\t<div class=\"elementor-container elementor-column-gap-default\">\n\t\t\t\t\t<div class=\"elementor-column elementor-col-100 elementor-top-column elementor-element elementor-element-b1510c6\" data-id=\"b1510c6\" data-element_type=\"column\" data-e-type=\"column\">\n\t\t\t<div class=\"elementor-widget-wrap elementor-element-populated\">\n\t\t\t\t\t\t<section class=\"elementor-section elementor-inner-section elementor-element elementor-element-7177944 elementor-section-boxed elementor-section-height-default elementor-section-height-default edgtf-parallax-row-no edgtf-content-aligment-left edgtf-elementor-row-grid-no edgtf-disabled-bg-image-bellow-no\" data-id=\"7177944\" data-element_type=\"section\" data-e-type=\"section\">\n\t\t\t\t\t\t<div class=\"elementor-container elementor-column-gap-default\">\n\t\t\t\t\t<div class=\"elementor-column elementor-col-25 elementor-inner-column elementor-element elementor-element-84ff1c8\" data-id=\"84ff1c8\" data-element_type=\"column\" data-e-type=\"column\">\n\t\t\t<div class=\"elementor-widget-wrap elementor-element-populated\">\n\t\t\t\t\t\t<div class=\"elementor-element elementor-element-6ba5f73 elementor-widget elementor-widget-edgtf_icon_with_text\" data-id=\"6ba5f73\" data-element_type=\"widget\" data-e-type=\"widget\" data-widget_type=\"edgtf_icon_with_text.default\">\n\t\t\t\t<div class=\"elementor-widget-container\">\n\t\t\t\t\t<div class=\"edgtf-iwt clearfix  edgtf-iwt-icon-top edgtf-iwt-icon-medium\">\n\t<div class=\"edgtf-iwt-icon\">\n\t\t\t\t\t\t\t\t\t    <span class=\"edgtf-icon-shortcode edgtf-normal   edgtf-icon-medium\"  >\n                    <i class=\"edgtf-icon-font-awesome  edgtf-icon-element\" style=\"\" ><\/i>            <\/span>\n\t\t\t\t\t\t<\/div>\n\t<div class=\"edgtf-iwt-content\" >\n\t\t\t\t\t<h5 class=\"edgtf-iwt-title\" >\n\t\t\t\t\t\t\t\t<span class=\"edgtf-iwt-title-text\">Y\u00dcKSEK STANDARTLARA SADAKAT<\/span>\n\t\t\t\t\t\t\t<\/h5>\n\t\t\t\t\t\t\t<p class=\"edgtf-iwt-text\" >Projelerimizde m\u00fckemmelli\u011fe ula\u015fmak i\u00e7in her zaman y\u00fcksek kalite ve profesyonel yakla\u015f\u0131m\u0131 korumaktay\u0131z.<\/p>\n\t\t\t<\/div>\n<\/div>\t\t\t\t<\/div>\n\t\t\t\t<\/div>\n\t\t\t\t\t<\/div>\n\t\t<\/div>\n\t\t\t\t<div class=\"elementor-column elementor-col-25 elementor-inner-column elementor-element elementor-element-0f8503c\" data-id=\"0f8503c\" data-element_type=\"column\" data-e-type=\"column\">\n\t\t\t<div class=\"elementor-widget-wrap elementor-element-populated\">\n\t\t\t\t\t\t<div class=\"elementor-element elementor-element-884cc7d elementor-widget elementor-widget-edgtf_icon_with_text\" data-id=\"884cc7d\" data-element_type=\"widget\" data-e-type=\"widget\" data-widget_type=\"edgtf_icon_with_text.default\">\n\t\t\t\t<div class=\"elementor-widget-container\">\n\t\t\t\t\t<div class=\"edgtf-iwt clearfix  edgtf-iwt-icon-top edgtf-iwt-icon-medium\">\n\t<div class=\"edgtf-iwt-icon\">\n\t\t\t\t\t\t\t\t\t    <span class=\"edgtf-icon-shortcode edgtf-normal   edgtf-icon-medium\"  >\n                    <i class=\"edgtf-icon-font-awesome  edgtf-icon-element\" style=\"\" ><\/i>            <\/span>\n\t\t\t\t\t\t<\/div>\n\t<div class=\"edgtf-iwt-content\" >\n\t\t\t\t\t<h5 class=\"edgtf-iwt-title\" >\n\t\t\t\t\t\t\t\t<span class=\"edgtf-iwt-title-text\">YARATICI YAKLA\u015eIM<\/span>\n\t\t\t\t\t\t\t<\/h5>\n\t\t\t\t\t\t\t<p class=\"edgtf-iwt-text\" >M\u00fc\u015fterilerimizin beklentilerini g\u00f6z \u00f6n\u00fcnde bulundurarak farkl\u0131 fikirler ve yarat\u0131c\u0131 \u00e7\u00f6z\u00fcmler sunmaktay\u0131z.<\/p>\n\t\t\t<\/div>\n<\/div>\t\t\t\t<\/div>\n\t\t\t\t<\/div>\n\t\t\t\t\t<\/div>\n\t\t<\/div>\n\t\t\t\t<div class=\"elementor-column elementor-col-25 elementor-inner-column elementor-element elementor-element-99c4f63\" data-id=\"99c4f63\" data-element_type=\"column\" data-e-type=\"column\">\n\t\t\t<div class=\"elementor-widget-wrap elementor-element-populated\">\n\t\t\t\t\t\t<div class=\"elementor-element elementor-element-4e7cd6b elementor-widget elementor-widget-edgtf_icon_with_text\" data-id=\"4e7cd6b\" data-element_type=\"widget\" data-e-type=\"widget\" data-widget_type=\"edgtf_icon_with_text.default\">\n\t\t\t\t<div class=\"elementor-widget-container\">\n\t\t\t\t\t<div class=\"edgtf-iwt clearfix  edgtf-iwt-icon-top edgtf-iwt-icon-medium\">\n\t<div class=\"edgtf-iwt-icon\">\n\t\t\t\t\t\t\t\t\t    <span class=\"edgtf-icon-shortcode edgtf-normal   edgtf-icon-medium\"  >\n                    <i class=\"edgtf-icon-font-awesome  edgtf-icon-element\" style=\"\" ><\/i>            <\/span>\n\t\t\t\t\t\t<\/div>\n\t<div class=\"edgtf-iwt-content\" >\n\t\t\t\t\t<h5 class=\"edgtf-iwt-title\" >\n\t\t\t\t\t\t\t\t<span class=\"edgtf-iwt-title-text\">D\u00dcR\u00dcSTL\u00dcK VE OBJEKT\u0130FL\u0130K<\/span>\n\t\t\t\t\t\t\t<\/h5>\n\t\t\t\t\t\t\t<p class=\"edgtf-iwt-text\" >\u0130\u015fimizde adalet ve \u015feffafl\u0131\u011f\u0131 esas alarak ekibimizin ve m\u00fc\u015fterilerimizin g\u00fcvenini her zaman \u00f6nceli\u011fimiz olarak g\u00f6rmekteyiz.<\/p>\n\t\t\t<\/div>\n<\/div>\t\t\t\t<\/div>\n\t\t\t\t<\/div>\n\t\t\t\t\t<\/div>\n\t\t<\/div>\n\t\t\t\t<div class=\"elementor-column elementor-col-25 elementor-inner-column elementor-element elementor-element-be221cd\" data-id=\"be221cd\" data-element_type=\"column\" data-e-type=\"column\">\n\t\t\t<div class=\"elementor-widget-wrap elementor-element-populated\">\n\t\t\t\t\t\t<div class=\"elementor-element elementor-element-99ee52d elementor-widget elementor-widget-edgtf_icon_with_text\" data-id=\"99ee52d\" data-element_type=\"widget\" data-e-type=\"widget\" data-widget_type=\"edgtf_icon_with_text.default\">\n\t\t\t\t<div class=\"elementor-widget-container\">\n\t\t\t\t\t<div class=\"edgtf-iwt clearfix  edgtf-iwt-icon-top edgtf-iwt-icon-medium\">\n\t<div class=\"edgtf-iwt-icon\">\n\t\t\t\t\t\t\t\t\t    <span class=\"edgtf-icon-shortcode edgtf-normal   edgtf-icon-medium\"  >\n                    <i class=\"edgtf-icon-font-awesome  edgtf-icon-element\" style=\"\" ><\/i>            <\/span>\n\t\t\t\t\t\t<\/div>\n\t<div class=\"edgtf-iwt-content\" >\n\t\t\t\t\t<h5 class=\"edgtf-iwt-title\" >\n\t\t\t\t\t\t\t\t<span class=\"edgtf-iwt-title-text\">YEN\u0130L\u0130K\u00c7\u0130 YAKLA\u015eIM<\/span>\n\t\t\t\t\t\t\t<\/h5>\n\t\t\t\t\t\t\t<p class=\"edgtf-iwt-text\" >Yenilik\u00e7i yakla\u015f\u0131mlar\u0131m\u0131zla teknoloji ve yarat\u0131c\u0131l\u0131\u011f\u0131 bir araya getirerek sinema sekt\u00f6r\u00fcnde yeniliklere imza atmaktay\u0131z.<\/p>\n\t\t\t<\/div>\n<\/div>\t\t\t\t<\/div>\n\t\t\t\t<\/div>\n\t\t\t\t\t<\/div>\n\t\t<\/div>\n\t\t\t\t\t<\/div>\n\t\t<\/section>\n\t\t\t\t\t<\/div>\n\t\t<\/div>\n\t\t\t\t\t<\/div>\n\t\t<\/section>\n\t\t\t\t<section class=\"elementor-section elementor-top-section elementor-element elementor-element-d52a52e elementor-section-full_width elementor-section-height-default elementor-section-height-default edgtf-parallax-row-no edgtf-content-aligment-left edgtf-elementor-row-grid-no edgtf-disabled-bg-image-bellow-no\" data-id=\"d52a52e\" data-element_type=\"section\" data-e-type=\"section\" data-settings=\"{&quot;background_background&quot;:&quot;classic&quot;}\">\n\t\t\t\t\t\t<div class=\"elementor-container elementor-column-gap-default\">\n\t\t\t\t\t<div class=\"elementor-column elementor-col-100 elementor-top-column elementor-element elementor-element-a1b3e4a\" data-id=\"a1b3e4a\" data-element_type=\"column\" data-e-type=\"column\">\n\t\t\t<div class=\"elementor-widget-wrap elementor-element-populated\">\n\t\t\t\t\t\t<section class=\"elementor-section elementor-inner-section elementor-element elementor-element-6f9db83 elementor-section-full_width edgtf-elementor-row-grid-section elementor-section-height-default elementor-section-height-default edgtf-parallax-row-no edgtf-content-aligment-left edgtf-disabled-bg-image-bellow-no\" data-id=\"6f9db83\" data-element_type=\"section\" data-e-type=\"section\">\n\t\t\t\t\t\t<div class=\"elementor-container elementor-column-gap-default\">\n\t\t\t\t\t<div class=\"elementor-column elementor-col-100 elementor-inner-column elementor-element elementor-element-79b5136\" data-id=\"79b5136\" data-element_type=\"column\" data-e-type=\"column\">\n\t\t\t<div class=\"elementor-widget-wrap elementor-element-populated\">\n\t\t\t\t\t\t<div class=\"elementor-element elementor-element-a383d6e elementor-widget elementor-widget-edgtf_clients_carousel\" data-id=\"a383d6e\" data-element_type=\"widget\" data-e-type=\"widget\" data-widget_type=\"edgtf_clients_carousel.default\">\n\t\t\t\t<div class=\"elementor-widget-container\">\n\t\t\t\t\t\t\t<div class=\"edgtf-clients-carousel-holder edgtf-cc-hover-raising\">\n\t\t\t<div class=\"edgtf-cc-inner edgtf-owl-slider\" data-number-of-items=\"5\" data-enable-loop=\"yes\" data-enable-autoplay=\"yes\" data-slider-speed=\"5000\" data-slider-speed-animation=\"600\" data-enable-navigation=\"no\" data-enable-pagination=\"no\">\n\t\t\t\t<div class=\"edgtf-cc-item\">\n\t\t\t<a itemprop=\"url\" class=\"edgtf-cc-link edgtf-block-drag-link\" href=\"https:\/\/qedimqala.az\/\" target=\"_blank\">\n\t\t\t\t\t\t<img decoding=\"async\" itemprop=\"image\" class=\"edgtf-cc-image\" src=\"https:\/\/gadimgalastudios.com\/wp-content\/uploads\/2024\/10\/qq-logo.png\" alt=\"\" \/>\n\t\t\t\t\t\t\t<\/a>\n\t<\/div><div class=\"edgtf-cc-item\">\n\t\t\t<a itemprop=\"url\" class=\"edgtf-cc-link edgtf-block-drag-link\" href=\"#\" target=\"_self\">\n\t\t\t\t\t\t<img decoding=\"async\" itemprop=\"image\" class=\"edgtf-cc-image\" src=\"https:\/\/gadimgalastudios.com\/wp-content\/uploads\/2024\/10\/google-partner.png\" alt=\"\" \/>\n\t\t\t\t\t\t\t<\/a>\n\t<\/div><div class=\"edgtf-cc-item\">\n\t\t\t<a itemprop=\"url\" class=\"edgtf-cc-link edgtf-block-drag-link\" href=\"https:\/\/aileyayinlari.com\/\" target=\"_blank\">\n\t\t\t\t\t\t<img decoding=\"async\" itemprop=\"image\" class=\"edgtf-cc-image\" src=\"https:\/\/gadimgalastudios.com\/wp-content\/uploads\/2024\/11\/aile-logo.png\" alt=\"\" \/>\n\t\t\t\t\t\t\t<\/a>\n\t<\/div><div class=\"edgtf-cc-item\">\n\t\t\t<a itemprop=\"url\" class=\"edgtf-cc-link edgtf-block-drag-link\" href=\"http:\/\/www.asp.com.lb\/\" target=\"_blank\">\n\t\t\t\t\t\t<img decoding=\"async\" itemprop=\"image\" class=\"edgtf-cc-image\" src=\"https:\/\/gadimgalastudios.com\/wp-content\/uploads\/2024\/11\/asp-logo.png\" alt=\"\" \/>\n\t\t\t\t\t\t\t<\/a>\n\t<\/div><div class=\"edgtf-cc-item\">\n\t\t\t<a itemprop=\"url\" class=\"edgtf-cc-link edgtf-block-drag-link\" href=\"https:\/\/destekmedyagrubu.com\/\" target=\"_blank\">\n\t\t\t\t\t\t<img decoding=\"async\" itemprop=\"image\" class=\"edgtf-cc-image\" src=\"https:\/\/gadimgalastudios.com\/wp-content\/uploads\/2024\/11\/destek-logo.png\" alt=\"\" \/>\n\t\t\t\t\t\t\t<\/a>\n\t<\/div>\t\t\t<\/div>\n\t\t<\/div>\n\t\t\t\t\t\t<\/div>\n\t\t\t\t<\/div>\n\t\t\t\t\t<\/div>\n\t\t<\/div>\n\t\t\t\t\t<\/div>\n\t\t<\/section>\n\t\t\t\t\t<\/div>\n\t\t<\/div>\n\t\t\t\t\t<\/div>\n\t\t<\/section>\n\t\t\t\t<\/div>\n\t\t","protected":false},"excerpt":{"rendered":"<p>M\u0130SYONUMUZ VE DE\u011eERLER\u0130M\u0130Z Sadece okumak de\u011fil, NE okudu\u011fumuz \u00f6nemlidir. y\u0131l\u0131nda Gadim Gala Yay\u0131nevi\u2019ni kurarken tam da bu [&hellip;]<\/p>\n","protected":false},"author":1,"featured_media":0,"parent":0,"menu_order":0,"comment_status":"closed","ping_status":"closed","template":"full-width.php","meta":{"_acf_changed":false,"pgc_sgb_lightbox_settings":"","footnotes":""},"class_list":["post-8091","page","type-page","status-publish","hentry"],"acf":[],"_links":{"self":[{"href":"https:\/\/gadimgalastudios.com\/tr\/wp-json\/wp\/v2\/pages\/8091","targetHints":{"allow":["GET"]}}],"collection":[{"href":"https:\/\/gadimgalastudios.com\/tr\/wp-json\/wp\/v2\/pages"}],"about":[{"href":"https:\/\/gadimgalastudios.com\/tr\/wp-json\/wp\/v2\/types\/page"}],"author":[{"embeddable":true,"href":"https:\/\/gadimgalastudios.com\/tr\/wp-json\/wp\/v2\/users\/1"}],"replies":[{"embeddable":true,"href":"https:\/\/gadimgalastudios.com\/tr\/wp-json\/wp\/v2\/comments?post=8091"}],"version-history":[{"count":4,"href":"https:\/\/gadimgalastudios.com\/tr\/wp-json\/wp\/v2\/pages\/8091\/revisions"}],"predecessor-version":[{"id":8098,"href":"https:\/\/gadimgalastudios.com\/tr\/wp-json\/wp\/v2\/pages\/8091\/revisions\/8098"}],"wp:attachment":[{"href":"https:\/\/gadimgalastudios.com\/tr\/wp-json\/wp\/v2\/media?parent=8091"}],"curies":[{"name":"wp","href":"https:\/\/api.w.org\/{rel}","templated":true}]}}