{"id":8099,"date":"2021-02-12T13:22:16","date_gmt":"2021-02-12T09:22:16","guid":{"rendered":"https:\/\/gadimgalastudios.com\/hizmetler\/"},"modified":"2024-11-28T06:01:13","modified_gmt":"2024-11-28T02:01:13","slug":"hizmetler","status":"publish","type":"page","link":"https:\/\/gadimgalastudios.com\/tr\/hizmetler\/","title":{"rendered":"Hizmetler"},"content":{"rendered":"\t\t<div data-elementor-type=\"wp-page\" data-elementor-id=\"8099\" class=\"elementor elementor-8099 elementor-4750\" data-elementor-post-type=\"page\">\n\t\t\t\t\t\t<section class=\"elementor-section elementor-top-section elementor-element elementor-element-c126d70 elementor-section-full_width elementor-section-height-default elementor-section-height-default edgtf-parallax-row-no edgtf-content-aligment-left edgtf-elementor-row-grid-no edgtf-disabled-bg-image-bellow-no\" data-id=\"c126d70\" data-element_type=\"section\" data-e-type=\"section\" data-settings=\"{&quot;background_background&quot;:&quot;classic&quot;}\">\n\t\t\t\t\t\t<div class=\"elementor-container elementor-column-gap-default\">\n\t\t\t\t\t<div class=\"elementor-column elementor-col-100 elementor-top-column elementor-element elementor-element-33c48a3\" data-id=\"33c48a3\" data-element_type=\"column\" data-e-type=\"column\">\n\t\t\t<div class=\"elementor-widget-wrap elementor-element-populated\">\n\t\t\t\t\t\t<section class=\"elementor-section elementor-inner-section elementor-element elementor-element-0b5581f elementor-section-full_width edgtf-elementor-row-grid-section elementor-section-height-default elementor-section-height-default edgtf-parallax-row-no edgtf-content-aligment-left edgtf-disabled-bg-image-bellow-no\" data-id=\"0b5581f\" data-element_type=\"section\" data-e-type=\"section\">\n\t\t\t\t\t\t<div class=\"elementor-container elementor-column-gap-default\">\n\t\t\t\t\t<div class=\"elementor-column elementor-col-100 elementor-inner-column elementor-element elementor-element-a7e7c33\" data-id=\"a7e7c33\" data-element_type=\"column\" data-e-type=\"column\">\n\t\t\t<div class=\"elementor-widget-wrap elementor-element-populated\">\n\t\t\t\t\t\t<div class=\"elementor-element elementor-element-e884f28 word-wrapping elementor-widget elementor-widget-heading\" data-id=\"e884f28\" data-element_type=\"widget\" data-e-type=\"widget\" data-widget_type=\"heading.default\">\n\t\t\t\t<div class=\"elementor-widget-container\">\n\t\t\t\t\t<h6 class=\"elementor-heading-title elementor-size-default\">YARATICILIKTAN TEKNOLOJ\u0130YE<\/h6>\t\t\t\t<\/div>\n\t\t\t\t<\/div>\n\t\t\t\t\t<\/div>\n\t\t<\/div>\n\t\t\t\t\t<\/div>\n\t\t<\/section>\n\t\t\t\t\t<\/div>\n\t\t<\/div>\n\t\t\t\t\t<\/div>\n\t\t<\/section>\n\t\t\t\t<section class=\"elementor-section elementor-top-section elementor-element elementor-element-92f80f6 elementor-section-full_width elementor-section-height-default elementor-section-height-default edgtf-parallax-row-no edgtf-content-aligment-left edgtf-elementor-row-grid-no edgtf-disabled-bg-image-bellow-no\" data-id=\"92f80f6\" data-element_type=\"section\" data-e-type=\"section\">\n\t\t\t\t\t\t<div class=\"elementor-container elementor-column-gap-default\">\n\t\t\t\t\t<div class=\"elementor-column elementor-col-100 elementor-top-column elementor-element elementor-element-6bd0110\" data-id=\"6bd0110\" data-element_type=\"column\" data-e-type=\"column\">\n\t\t\t<div class=\"elementor-widget-wrap elementor-element-populated\">\n\t\t\t\t\t\t<section class=\"elementor-section elementor-inner-section elementor-element elementor-element-bee2fe8 elementor-section-boxed elementor-section-height-default elementor-section-height-default edgtf-parallax-row-no edgtf-content-aligment-left edgtf-elementor-row-grid-no edgtf-disabled-bg-image-bellow-no\" data-id=\"bee2fe8\" data-element_type=\"section\" data-e-type=\"section\">\n\t\t\t\t\t\t<div class=\"elementor-container elementor-column-gap-default\">\n\t\t\t\t\t<div class=\"elementor-column elementor-col-25 elementor-inner-column elementor-element elementor-element-d0b5040\" data-id=\"d0b5040\" data-element_type=\"column\" data-e-type=\"column\">\n\t\t\t<div class=\"elementor-widget-wrap elementor-element-populated\">\n\t\t\t\t\t\t<div class=\"elementor-element elementor-element-24efd69 elementor-widget elementor-widget-edgtf_icon_with_text\" data-id=\"24efd69\" data-element_type=\"widget\" data-e-type=\"widget\" data-widget_type=\"edgtf_icon_with_text.default\">\n\t\t\t\t<div class=\"elementor-widget-container\">\n\t\t\t\t\t<div class=\"edgtf-iwt clearfix  edgtf-iwt-icon-top edgtf-iwt-icon-medium\">\n\t<div class=\"edgtf-iwt-icon\">\n\t\t\t\t\t\t\t\t\t<img decoding=\"async\" width=\"70\" height=\"70\" src=\"https:\/\/gadimgalastudios.com\/wp-content\/uploads\/2024\/10\/001-quill-pen-e1729818832402.png\" class=\"attachment-full size-full\" alt=\"\" \/>\t\t\t\t\t\t<\/div>\n\t<div class=\"edgtf-iwt-content\" >\n\t\t\t\t\t<h5 class=\"edgtf-iwt-title\" >\n\t\t\t\t\t\t\t\t<span class=\"edgtf-iwt-title-text\">SENARYO<\/span>\n\t\t\t\t\t\t\t<\/h5>\n\t\t\t\t\t\t\t<p class=\"edgtf-iwt-text\" >Orijinal senaryo ve profesyonel bak\u0131\u015fla mevcut fikirlerin geli\u015ftirilmesi, yarat\u0131c\u0131 destek.<\/p>\n\t\t\t<\/div>\n<\/div>\t\t\t\t<\/div>\n\t\t\t\t<\/div>\n\t\t\t\t\t<\/div>\n\t\t<\/div>\n\t\t\t\t<div class=\"elementor-column elementor-col-25 elementor-inner-column elementor-element elementor-element-9fbf66d\" data-id=\"9fbf66d\" data-element_type=\"column\" data-e-type=\"column\">\n\t\t\t<div class=\"elementor-widget-wrap elementor-element-populated\">\n\t\t\t\t\t\t<div class=\"elementor-element elementor-element-2512e73 elementor-widget elementor-widget-edgtf_icon_with_text\" data-id=\"2512e73\" data-element_type=\"widget\" data-e-type=\"widget\" data-widget_type=\"edgtf_icon_with_text.default\">\n\t\t\t\t<div class=\"elementor-widget-container\">\n\t\t\t\t\t<div class=\"edgtf-iwt clearfix  edgtf-iwt-icon-top edgtf-iwt-icon-medium\">\n\t<div class=\"edgtf-iwt-icon\">\n\t\t\t\t\t\t\t\t\t<img decoding=\"async\" width=\"70\" height=\"70\" src=\"https:\/\/gadimgalastudios.com\/wp-content\/uploads\/2024\/10\/002-camera-e1729818815407.png\" class=\"attachment-full size-full\" alt=\"\" \/>\t\t\t\t\t\t<\/div>\n\t<div class=\"edgtf-iwt-content\" >\n\t\t\t\t\t<h5 class=\"edgtf-iwt-title\" >\n\t\t\t\t\t\t\t\t<span class=\"edgtf-iwt-title-text\">\u00c7EK\u0130M<\/span>\n\t\t\t\t\t\t\t<\/h5>\n\t\t\t\t\t\t\t<p class=\"edgtf-iwt-text\" >Detaylar\u0131n \u00f6zenle i\u015flenmesi ve estetik zevkin \u00f6n planda tutulmas\u0131yla her sahneyi sanatsal ve teknik m\u00fckemmelli\u011fe ula\u015ft\u0131ran \u00e7ekimler.<\/p>\n\t\t\t<\/div>\n<\/div>\t\t\t\t<\/div>\n\t\t\t\t<\/div>\n\t\t\t\t\t<\/div>\n\t\t<\/div>\n\t\t\t\t<div class=\"elementor-column elementor-col-25 elementor-inner-column elementor-element elementor-element-4184a9f\" data-id=\"4184a9f\" data-element_type=\"column\" data-e-type=\"column\">\n\t\t\t<div class=\"elementor-widget-wrap elementor-element-populated\">\n\t\t\t\t\t\t<div class=\"elementor-element elementor-element-5b8cb27 elementor-widget elementor-widget-edgtf_icon_with_text\" data-id=\"5b8cb27\" data-element_type=\"widget\" data-e-type=\"widget\" data-widget_type=\"edgtf_icon_with_text.default\">\n\t\t\t\t<div class=\"elementor-widget-container\">\n\t\t\t\t\t<div class=\"edgtf-iwt clearfix  edgtf-iwt-icon-top edgtf-iwt-icon-medium\">\n\t<div class=\"edgtf-iwt-icon\">\n\t\t\t\t\t\t\t\t\t<img decoding=\"async\" width=\"70\" height=\"70\" src=\"https:\/\/gadimgalastudios.com\/wp-content\/uploads\/2024\/10\/003-ribbon-cutting-e1729818804658.png\" class=\"attachment-full size-full\" alt=\"\" \/>\t\t\t\t\t\t<\/div>\n\t<div class=\"edgtf-iwt-content\" >\n\t\t\t\t\t<h5 class=\"edgtf-iwt-title\" >\n\t\t\t\t\t\t\t\t<span class=\"edgtf-iwt-title-text\">POST-PROD\u00dcKS\u0130YON<\/span>\n\t\t\t\t\t\t\t<\/h5>\n\t\t\t\t\t\t\t<p class=\"edgtf-iwt-text\" >Projenizin en iyi versiyonunu yaratmak i\u00e7in montaj, renk d\u00fczenleme, ses tasar\u0131m\u0131 ve di\u011fer post-prod\u00fcksiyon hizmetleri.<\/p>\n\t\t\t<\/div>\n<\/div>\t\t\t\t<\/div>\n\t\t\t\t<\/div>\n\t\t\t\t\t<\/div>\n\t\t<\/div>\n\t\t\t\t<div class=\"elementor-column elementor-col-25 elementor-inner-column elementor-element elementor-element-f7cbddd\" data-id=\"f7cbddd\" data-element_type=\"column\" data-e-type=\"column\">\n\t\t\t<div class=\"elementor-widget-wrap elementor-element-populated\">\n\t\t\t\t\t\t<div class=\"elementor-element elementor-element-00cf295 elementor-widget elementor-widget-edgtf_icon_with_text\" data-id=\"00cf295\" data-element_type=\"widget\" data-e-type=\"widget\" data-widget_type=\"edgtf_icon_with_text.default\">\n\t\t\t\t<div class=\"elementor-widget-container\">\n\t\t\t\t\t<div class=\"edgtf-iwt clearfix  edgtf-iwt-icon-top edgtf-iwt-icon-medium\">\n\t<div class=\"edgtf-iwt-icon\">\n\t\t\t\t\t\t\t\t\t<img loading=\"lazy\" decoding=\"async\" width=\"70\" height=\"70\" src=\"https:\/\/gadimgalastudios.com\/wp-content\/uploads\/2024\/10\/004-director-e1729818852352.png\" class=\"attachment-full size-full\" alt=\"\" \/>\t\t\t\t\t\t<\/div>\n\t<div class=\"edgtf-iwt-content\" >\n\t\t\t\t\t<h5 class=\"edgtf-iwt-title\" >\n\t\t\t\t\t\t\t\t<span class=\"edgtf-iwt-title-text\">ORGAN\u0130ZASYON<\/span>\n\t\t\t\t\t\t\t<\/h5>\n\t\t\t\t\t\t\t<p class=\"edgtf-iwt-text\" >En iyi sonu\u00e7lar\u0131 alman\u0131z i\u00e7in modern video ve ses ekipmanlar\u0131yla donat\u0131lm\u0131\u015f, profesyonel ekip deste\u011fi.<\/p>\n\t\t\t<\/div>\n<\/div>\t\t\t\t<\/div>\n\t\t\t\t<\/div>\n\t\t\t\t\t<\/div>\n\t\t<\/div>\n\t\t\t\t\t<\/div>\n\t\t<\/section>\n\t\t\t\t\t<\/div>\n\t\t<\/div>\n\t\t\t\t\t<\/div>\n\t\t<\/section>\n\t\t\t\t<\/div>\n\t\t","protected":false},"excerpt":{"rendered":"<p>YARATICILIKTAN TEKNOLOJ\u0130YE SENARYO Orijinal senaryo ve profesyonel bak\u0131\u015fla mevcut fikirlerin geli\u015ftirilmesi, yarat\u0131c\u0131 destek. \u00c7EK\u0130M Detaylar\u0131n \u00f6zenle i\u015flenmesi [&hellip;]<\/p>\n","protected":false},"author":1,"featured_media":0,"parent":0,"menu_order":0,"comment_status":"closed","ping_status":"closed","template":"full-width.php","meta":{"_acf_changed":false,"pgc_sgb_lightbox_settings":"","footnotes":""},"class_list":["post-8099","page","type-page","status-publish","hentry"],"acf":[],"_links":{"self":[{"href":"https:\/\/gadimgalastudios.com\/tr\/wp-json\/wp\/v2\/pages\/8099","targetHints":{"allow":["GET"]}}],"collection":[{"href":"https:\/\/gadimgalastudios.com\/tr\/wp-json\/wp\/v2\/pages"}],"about":[{"href":"https:\/\/gadimgalastudios.com\/tr\/wp-json\/wp\/v2\/types\/page"}],"author":[{"embeddable":true,"href":"https:\/\/gadimgalastudios.com\/tr\/wp-json\/wp\/v2\/users\/1"}],"replies":[{"embeddable":true,"href":"https:\/\/gadimgalastudios.com\/tr\/wp-json\/wp\/v2\/comments?post=8099"}],"version-history":[{"count":4,"href":"https:\/\/gadimgalastudios.com\/tr\/wp-json\/wp\/v2\/pages\/8099\/revisions"}],"predecessor-version":[{"id":8103,"href":"https:\/\/gadimgalastudios.com\/tr\/wp-json\/wp\/v2\/pages\/8099\/revisions\/8103"}],"wp:attachment":[{"href":"https:\/\/gadimgalastudios.com\/tr\/wp-json\/wp\/v2\/media?parent=8099"}],"curies":[{"name":"wp","href":"https:\/\/api.w.org\/{rel}","templated":true}]}}