{"id":8104,"date":"2024-10-28T06:10:25","date_gmt":"2024-10-28T02:10:25","guid":{"rendered":"https:\/\/gadimgalastudios.com\/projeler\/"},"modified":"2024-11-28T06:02:21","modified_gmt":"2024-11-28T02:02:21","slug":"projeler","status":"publish","type":"page","link":"https:\/\/gadimgalastudios.com\/tr\/projeler\/","title":{"rendered":"Projeler"},"content":{"rendered":"\t\t<div data-elementor-type=\"wp-page\" data-elementor-id=\"8104\" class=\"elementor elementor-8104 elementor-6743\" data-elementor-post-type=\"page\">\n\t\t\t\t\t\t<section class=\"elementor-section elementor-top-section elementor-element elementor-element-a33ed26 elementor-section-full_width elementor-section-height-default elementor-section-height-default edgtf-parallax-row-no edgtf-content-aligment-left edgtf-elementor-row-grid-no edgtf-disabled-bg-image-bellow-no\" data-id=\"a33ed26\" data-element_type=\"section\" data-e-type=\"section\" data-settings=\"{&quot;background_background&quot;:&quot;classic&quot;}\">\n\t\t\t\t\t\t<div class=\"elementor-container elementor-column-gap-default\">\n\t\t\t\t\t<div class=\"elementor-column elementor-col-100 elementor-top-column elementor-element elementor-element-3978917\" data-id=\"3978917\" data-element_type=\"column\" data-e-type=\"column\">\n\t\t\t<div class=\"elementor-widget-wrap elementor-element-populated\">\n\t\t\t\t\t\t<section class=\"elementor-section elementor-inner-section elementor-element elementor-element-241dcf7 elementor-section-full_width edgtf-elementor-row-grid-section elementor-section-height-default elementor-section-height-default edgtf-parallax-row-no edgtf-content-aligment-left edgtf-disabled-bg-image-bellow-no\" data-id=\"241dcf7\" data-element_type=\"section\" data-e-type=\"section\">\n\t\t\t\t\t\t<div class=\"elementor-container elementor-column-gap-default\">\n\t\t\t\t\t<div class=\"elementor-column elementor-col-100 elementor-inner-column elementor-element elementor-element-a239ef7\" data-id=\"a239ef7\" data-element_type=\"column\" data-e-type=\"column\">\n\t\t\t<div class=\"elementor-widget-wrap elementor-element-populated\">\n\t\t\t\t\t\t<div class=\"elementor-element elementor-element-bfe6ee7 word-wrapping elementor-widget elementor-widget-heading\" data-id=\"bfe6ee7\" data-element_type=\"widget\" data-e-type=\"widget\" data-widget_type=\"heading.default\">\n\t\t\t\t<div class=\"elementor-widget-container\">\n\t\t\t\t\t<h6 class=\"elementor-heading-title elementor-size-default\">SON \u00c7ALI\u015eMALARIMIZ<\/h6>\t\t\t\t<\/div>\n\t\t\t\t<\/div>\n\t\t\t\t\t<\/div>\n\t\t<\/div>\n\t\t\t\t\t<\/div>\n\t\t<\/section>\n\t\t\t\t\t<\/div>\n\t\t<\/div>\n\t\t\t\t\t<\/div>\n\t\t<\/section>\n\t\t\t\t<section class=\"elementor-section elementor-top-section elementor-element elementor-element-2658f62 elementor-section-full_width elementor-section-height-default elementor-section-height-default edgtf-parallax-row-no edgtf-content-aligment-left edgtf-elementor-row-grid-no edgtf-disabled-bg-image-bellow-no\" data-id=\"2658f62\" data-element_type=\"section\" data-e-type=\"section\">\n\t\t\t\t\t\t<div class=\"elementor-container elementor-column-gap-default\">\n\t\t\t\t\t<div class=\"elementor-column elementor-col-100 elementor-top-column elementor-element elementor-element-9ef7688\" data-id=\"9ef7688\" data-element_type=\"column\" data-e-type=\"column\">\n\t\t\t<div class=\"elementor-widget-wrap elementor-element-populated\">\n\t\t\t\t\t\t<section class=\"elementor-section elementor-inner-section elementor-element elementor-element-7aa3f18 elementor-section-full_width edgtf-elementor-row-grid-section elementor-section-height-default elementor-section-height-default edgtf-parallax-row-no edgtf-content-aligment-left edgtf-disabled-bg-image-bellow-no\" data-id=\"7aa3f18\" data-element_type=\"section\" data-e-type=\"section\">\n\t\t\t\t\t\t<div class=\"elementor-container elementor-column-gap-default\">\n\t\t\t\t\t<div class=\"elementor-column elementor-col-100 elementor-inner-column elementor-element elementor-element-24cb098\" data-id=\"24cb098\" data-element_type=\"column\" data-e-type=\"column\">\n\t\t\t<div class=\"elementor-widget-wrap elementor-element-populated\">\n\t\t\t\t\t\t<div class=\"elementor-element elementor-element-e4e630c elementor-widget elementor-widget-edgtf_blog_list\" data-id=\"e4e630c\" data-element_type=\"widget\" data-e-type=\"widget\" data-widget_type=\"edgtf_blog_list.default\">\n\t\t\t\t<div class=\"elementor-widget-container\">\n\t\t\t\t\t<div class=\"edgtf-blog-list-holder edgtf-bl-masonry edgtf-bl-three-columns edgtf-normal-space  edgtf-bl-has-image edgtf-bl-pag-infinite-scroll\"  data-type=masonry data-number-of-posts=12 data-number-of-columns=3 data-space-between-items=normal data-category=Layih\u0259 data-orderby=date data-order=DESC data-image-size=cinerama_edge_image_square data-title-tag=h4 data-title-transform=none data-excerpt-length=0 data-post-info-section=no data-post-info-image=yes data-post-info-author= data-post-info-date= data-post-info-category= data-post-info-comments= data-post-info-like= data-post-info-share= data-post-read-more=no data-pagination-type=infinite-scroll data-max-num-pages=1 data-next-page=2>\n\t<div class=\"edgtf-bl-wrapper edgtf-outer-space\">\n\t\t<ul class=\"edgtf-blog-list\">\n\t\t\t<li class=\"edgtf-bl-grid-sizer\"><\/li>\n\t\t\t<li class=\"edgtf-bl-grid-gutter\"><\/li>\n\t\t\t<li class=\"edgtf-bl-item edgtf-item-space clearfix\">\n\t<div class=\"edgtf-bli-inner\">\n\t\t\n\t<div class=\"edgtf-post-image\">\n\t\t            <a itemprop=\"url\" href=\"https:\/\/gadimgalastudios.com\/tr\/turkiye-azerbaycan-edebi-mubadele-projesi\/\" title=\"T\u00fcrkiye-Azerbaycan Edebi M\u00fcbadele Projesi\">\n\t\t\t\t\t<img fetchpriority=\"high\" decoding=\"async\" width=\"550\" height=\"550\" src=\"https:\/\/gadimgalastudios.com\/wp-content\/uploads\/2024\/10\/315559503_522526386146304_3555169317055703192_n-550x550.jpeg\" class=\"attachment-cinerama_edge_image_square size-cinerama_edge_image_square wp-post-image\" alt=\"\" srcset=\"https:\/\/gadimgalastudios.com\/wp-content\/uploads\/2024\/10\/315559503_522526386146304_3555169317055703192_n-550x550.jpeg 550w, https:\/\/gadimgalastudios.com\/wp-content\/uploads\/2024\/10\/315559503_522526386146304_3555169317055703192_n-150x150.jpeg 150w, https:\/\/gadimgalastudios.com\/wp-content\/uploads\/2024\/10\/315559503_522526386146304_3555169317055703192_n-650x650.jpeg 650w\" sizes=\"(max-width: 550px) 100vw, 550px\" \/>\t\t\t\t\t\t\t\t\t<\/a>\n\t\t\t\t\t<\/div>\n        <div class=\"edgtf-bli-content\">\n            \t\n\t        \n<h4 itemprop=\"name\" class=\"entry-title edgtf-post-title\" style=\"text-transform: none\">\n            <a itemprop=\"url\" href=\"https:\/\/gadimgalastudios.com\/tr\/turkiye-azerbaycan-edebi-mubadele-projesi\/\" title=\"T\u00fcrkiye-Azerbaycan Edebi M\u00fcbadele Projesi\">\n            T\u00fcrkiye-Azerbaycan Edebi M\u00fcbadele Projesi            <\/a>\n    <\/h4>\t\n\t        <div class=\"edgtf-bli-excerpt\">\n\t\t        \t        <\/div>\n        <\/div>\n\t<\/div>\n<\/li><li class=\"edgtf-bl-item edgtf-item-space clearfix\">\n\t<div class=\"edgtf-bli-inner\">\n\t\t\n\t<div class=\"edgtf-post-image\">\n\t\t            <a itemprop=\"url\" href=\"https:\/\/gadimgalastudios.com\/tr\/bu-sehirde-kimse-yok-mu-romaninin-ekrana-tasinmasi\/\" title=\"Bu \u015eehirde Kimse Yok Mu? Roman\u0131n\u0131n Ekrana Ta\u015f\u0131nmas\u0131\">\n\t\t\t\t\t<img decoding=\"async\" width=\"550\" height=\"550\" src=\"https:\/\/gadimgalastudios.com\/wp-content\/uploads\/2024\/10\/Bu_s\u0259h\u0259rd\u0259_kims\u0259_yoxdur_afisa-550x550.jpg\" class=\"attachment-cinerama_edge_image_square size-cinerama_edge_image_square wp-post-image\" alt=\"\" srcset=\"https:\/\/gadimgalastudios.com\/wp-content\/uploads\/2024\/10\/Bu_s\u0259h\u0259rd\u0259_kims\u0259_yoxdur_afisa-550x550.jpg 550w, https:\/\/gadimgalastudios.com\/wp-content\/uploads\/2024\/10\/Bu_s\u0259h\u0259rd\u0259_kims\u0259_yoxdur_afisa-150x150.jpg 150w, https:\/\/gadimgalastudios.com\/wp-content\/uploads\/2024\/10\/Bu_s\u0259h\u0259rd\u0259_kims\u0259_yoxdur_afisa-650x650.jpg 650w\" sizes=\"(max-width: 550px) 100vw, 550px\" \/>\t\t\t\t\t\t\t\t\t<\/a>\n\t\t\t\t\t<\/div>\n        <div class=\"edgtf-bli-content\">\n            \t\n\t        \n<h4 itemprop=\"name\" class=\"entry-title edgtf-post-title\" style=\"text-transform: none\">\n            <a itemprop=\"url\" href=\"https:\/\/gadimgalastudios.com\/tr\/bu-sehirde-kimse-yok-mu-romaninin-ekrana-tasinmasi\/\" title=\"Bu \u015eehirde Kimse Yok Mu? Roman\u0131n\u0131n Ekrana Ta\u015f\u0131nmas\u0131\">\n            Bu \u015eehirde Kimse Yok Mu? Roman\u0131n\u0131n Ekrana Ta\u015f\u0131nmas\u0131            <\/a>\n    <\/h4>\t\n\t        <div class=\"edgtf-bli-excerpt\">\n\t\t        \t        <\/div>\n        <\/div>\n\t<\/div>\n<\/li><li class=\"edgtf-bl-item edgtf-item-space clearfix\">\n\t<div class=\"edgtf-bli-inner\">\n\t\t\n\t<div class=\"edgtf-post-image\">\n\t\t            <a itemprop=\"url\" href=\"https:\/\/gadimgalastudios.com\/tr\/cinsiyet-stereotiplerine-ve-cinsiyete-dayali-siddete-karsi-projesi\/\" title=\"&#8220;Cinsiyet stereotiplerine ve cinsiyete dayal\u0131 \u015fiddete kar\u015f\u0131&#8221; projesi\">\n\t\t\t\t\t<img decoding=\"async\" width=\"550\" height=\"550\" src=\"https:\/\/gadimgalastudios.com\/wp-content\/uploads\/2024\/10\/2148419669-550x550.jpg\" class=\"attachment-cinerama_edge_image_square size-cinerama_edge_image_square wp-post-image\" alt=\"\" srcset=\"https:\/\/gadimgalastudios.com\/wp-content\/uploads\/2024\/10\/2148419669-550x550.jpg 550w, https:\/\/gadimgalastudios.com\/wp-content\/uploads\/2024\/10\/2148419669-150x150.jpg 150w, https:\/\/gadimgalastudios.com\/wp-content\/uploads\/2024\/10\/2148419669-650x650.jpg 650w\" sizes=\"(max-width: 550px) 100vw, 550px\" \/>\t\t\t\t\t\t\t\t\t<\/a>\n\t\t\t\t\t<\/div>\n        <div class=\"edgtf-bli-content\">\n            \t\n\t        \n<h4 itemprop=\"name\" class=\"entry-title edgtf-post-title\" style=\"text-transform: none\">\n            <a itemprop=\"url\" href=\"https:\/\/gadimgalastudios.com\/tr\/cinsiyet-stereotiplerine-ve-cinsiyete-dayali-siddete-karsi-projesi\/\" title=\"&#8220;Cinsiyet stereotiplerine ve cinsiyete dayal\u0131 \u015fiddete kar\u015f\u0131&#8221; projesi\">\n            &#8220;Cinsiyet stereotiplerine ve cinsiyete dayal\u0131 \u015fiddete kar\u015f\u0131&#8221; projesi            <\/a>\n    <\/h4>\t\n\t        <div class=\"edgtf-bli-excerpt\">\n\t\t        \t        <\/div>\n        <\/div>\n\t<\/div>\n<\/li>\t\t<\/ul>\n\t<\/div>\n\t<\/div>\t\t\t\t<\/div>\n\t\t\t\t<\/div>\n\t\t\t\t\t<\/div>\n\t\t<\/div>\n\t\t\t\t\t<\/div>\n\t\t<\/section>\n\t\t\t\t\t<\/div>\n\t\t<\/div>\n\t\t\t\t\t<\/div>\n\t\t<\/section>\n\t\t\t\t<\/div>\n\t\t","protected":false},"excerpt":{"rendered":"<p>SON \u00c7ALI\u015eMALARIMIZ T\u00fcrkiy\u0259 &#8211; Az\u0259rbaycan \u0259d\u0259bi m\u00fcbadil\u0259 layih\u0259si &#8220;Bu \u015f\u0259h\u0259rd\u0259 kims\u0259 yoxdur&#8221; roman\u0131n\u0131n ekranla\u015fd\u0131r\u0131lmas\u0131 \u2022 \u201cGender stereotipl\u0259rin\u0259 [&hellip;]<\/p>\n","protected":false},"author":1,"featured_media":0,"parent":0,"menu_order":0,"comment_status":"closed","ping_status":"closed","template":"full-width.php","meta":{"_acf_changed":false,"pgc_sgb_lightbox_settings":"","footnotes":""},"class_list":["post-8104","page","type-page","status-publish","hentry"],"acf":[],"_links":{"self":[{"href":"https:\/\/gadimgalastudios.com\/tr\/wp-json\/wp\/v2\/pages\/8104","targetHints":{"allow":["GET"]}}],"collection":[{"href":"https:\/\/gadimgalastudios.com\/tr\/wp-json\/wp\/v2\/pages"}],"about":[{"href":"https:\/\/gadimgalastudios.com\/tr\/wp-json\/wp\/v2\/types\/page"}],"author":[{"embeddable":true,"href":"https:\/\/gadimgalastudios.com\/tr\/wp-json\/wp\/v2\/users\/1"}],"replies":[{"embeddable":true,"href":"https:\/\/gadimgalastudios.com\/tr\/wp-json\/wp\/v2\/comments?post=8104"}],"version-history":[{"count":1,"href":"https:\/\/gadimgalastudios.com\/tr\/wp-json\/wp\/v2\/pages\/8104\/revisions"}],"predecessor-version":[{"id":8105,"href":"https:\/\/gadimgalastudios.com\/tr\/wp-json\/wp\/v2\/pages\/8104\/revisions\/8105"}],"wp:attachment":[{"href":"https:\/\/gadimgalastudios.com\/tr\/wp-json\/wp\/v2\/media?parent=8104"}],"curies":[{"name":"wp","href":"https:\/\/api.w.org\/{rel}","templated":true}]}}