{"id":8167,"date":"2024-10-10T19:44:42","date_gmt":"2024-10-10T15:44:42","guid":{"rendered":"https:\/\/gadimgalastudios.com\/gizlilik-politikasi\/"},"modified":"2024-12-06T14:36:03","modified_gmt":"2024-12-06T10:36:03","slug":"gizlilik-politikasi","status":"publish","type":"page","link":"https:\/\/gadimgalastudios.com\/tr\/gizlilik-politikasi\/","title":{"rendered":"Gizlilik politikas\u0131"},"content":{"rendered":"\t\t<div data-elementor-type=\"wp-page\" data-elementor-id=\"8167\" class=\"elementor elementor-8167 elementor-3\" data-elementor-post-type=\"page\">\n\t\t\t\t\t\t<section class=\"elementor-section elementor-top-section elementor-element elementor-element-799b9f3 elementor-section-full_width elementor-section-height-default elementor-section-height-default edgtf-parallax-row-no edgtf-content-aligment-left edgtf-elementor-row-grid-no edgtf-disabled-bg-image-bellow-no\" data-id=\"799b9f3\" data-element_type=\"section\" data-e-type=\"section\" data-settings=\"{&quot;background_background&quot;:&quot;classic&quot;}\">\n\t\t\t\t\t\t<div class=\"elementor-container elementor-column-gap-default\">\n\t\t\t\t\t<div class=\"elementor-column elementor-col-100 elementor-top-column elementor-element elementor-element-93b0871\" data-id=\"93b0871\" data-element_type=\"column\" data-e-type=\"column\">\n\t\t\t<div class=\"elementor-widget-wrap elementor-element-populated\">\n\t\t\t\t\t\t<section class=\"elementor-section elementor-inner-section elementor-element elementor-element-b4a92ab elementor-section-full_width edgtf-elementor-row-grid-section elementor-section-height-default elementor-section-height-default edgtf-parallax-row-no edgtf-content-aligment-left edgtf-disabled-bg-image-bellow-no\" data-id=\"b4a92ab\" data-element_type=\"section\" data-e-type=\"section\">\n\t\t\t\t\t\t<div class=\"elementor-container elementor-column-gap-default\">\n\t\t\t\t\t<div class=\"elementor-column elementor-col-100 elementor-inner-column elementor-element elementor-element-d1b0f1e\" data-id=\"d1b0f1e\" data-element_type=\"column\" data-e-type=\"column\">\n\t\t\t<div class=\"elementor-widget-wrap elementor-element-populated\">\n\t\t\t\t\t\t<div class=\"elementor-element elementor-element-b2c245a word-wrapping elementor-widget elementor-widget-heading\" data-id=\"b2c245a\" data-element_type=\"widget\" data-e-type=\"widget\" data-widget_type=\"heading.default\">\n\t\t\t\t<div class=\"elementor-widget-container\">\n\t\t\t\t\t<h6 class=\"elementor-heading-title elementor-size-default\">S\u0130Z\u0130N HAKLARINIZ VE B\u0130Z\u0130M HAKLARIMIZ<\/h6>\t\t\t\t<\/div>\n\t\t\t\t<\/div>\n\t\t\t\t\t<\/div>\n\t\t<\/div>\n\t\t\t\t\t<\/div>\n\t\t<\/section>\n\t\t\t\t\t<\/div>\n\t\t<\/div>\n\t\t\t\t\t<\/div>\n\t\t<\/section>\n\t\t\t\t<section class=\"elementor-section elementor-top-section elementor-element elementor-element-90461fa elementor-section-full_width edgtf-elementor-row-grid-section elementor-section-height-default elementor-section-height-default edgtf-parallax-row-no edgtf-content-aligment-left edgtf-disabled-bg-image-bellow-no\" data-id=\"90461fa\" data-element_type=\"section\" data-e-type=\"section\">\n\t\t\t\t\t\t<div class=\"elementor-container elementor-column-gap-default\">\n\t\t\t\t\t<div class=\"elementor-column elementor-col-100 elementor-top-column elementor-element elementor-element-658a489\" data-id=\"658a489\" data-element_type=\"column\" data-e-type=\"column\">\n\t\t\t<div class=\"elementor-widget-wrap elementor-element-populated\">\n\t\t\t\t\t\t<div class=\"elementor-element elementor-element-bbea429 elementor-widget elementor-widget-edgtf_accordion\" data-id=\"bbea429\" data-element_type=\"widget\" data-e-type=\"widget\" data-widget_type=\"edgtf_accordion.default\">\n\t\t\t\t<div class=\"elementor-widget-container\">\n\t\t\t\t\t\n\t\t<div class=\"edgtf-accordion-holder edgtf-ac-default   edgtf-toggle clearfix\">\n\t\t\t<h5 class=\"edgtf-accordion-title\">\n    <span class=\"edgtf-accordion-mark\">\n\t\t<span class=\"edgtf_icon_plus arrow_carrot-down\"><\/span>\n\t\t<span class=\"edgtf_icon_minus arrow_carrot-up\"><\/span>\n\t<\/span>\n\t<span class=\"edgtf-tab-title\">Genel H\u00fck\u00fcmler<\/span>\n<\/h5>\n<div class=\"edgtf-accordion-content\">\n\t<div class=\"edgtf-accordion-content-inner\">\n\t\t<p><strong><em>Daha fazla bilgi i\u00e7in l\u00fctfen bu Gizlilik Politikas\u0131n\u0131 okuyun.<\/em><\/strong><\/p>\n<p>\u00a0<\/p>\n<p><!-- \/wp:paragraph --><!-- wp:paragraph --><\/p>\n<p>Gizlilik Politikas\u0131, ki\u015fisel bilgilerinizin nas\u0131l topland\u0131\u011f\u0131n\u0131, kullan\u0131ld\u0131\u011f\u0131n\u0131 ve if\u015fa edildi\u011fini (ge\u00e7erli ko\u015fullara tabi olarak) a\u00e7\u0131klar. Ayr\u0131ca ki\u015fisel bilgilerinizi korumak i\u00e7in att\u0131\u011f\u0131m\u0131z ad\u0131mlar\u0131 da a\u00e7\u0131klamaktad\u0131r. Sonu\u00e7 olarak, bu Gizlilik Politikas\u0131 ki\u015fisel bilgilerinizin toplanmas\u0131, kullan\u0131lmas\u0131 ve if\u015fa edilmesine ili\u015fkin tercihlerinizi a\u00e7\u0131klamaktad\u0131r.<\/p>\t<\/div>\n<\/div><h5 class=\"edgtf-accordion-title\">\n    <span class=\"edgtf-accordion-mark\">\n\t\t<span class=\"edgtf_icon_plus arrow_carrot-down\"><\/span>\n\t\t<span class=\"edgtf_icon_minus arrow_carrot-up\"><\/span>\n\t<\/span>\n\t<span class=\"edgtf-tab-title\">Toplad\u0131\u011f\u0131m\u0131z Bilgiler<\/span>\n<\/h5>\n<div class=\"edgtf-accordion-content\">\n\t<div class=\"edgtf-accordion-content-inner\">\n\t\t<p><strong><em>Bu Politika, bir \u0130nternet kullan\u0131c\u0131s\u0131n\u0131n (bundan b\u00f6yle - Kullan\u0131c\u0131 olarak an\u0131lacakt\u0131r) Gadim Gala Studios'un resmi web sitesindeki \u0130nternet hizmetini kullan\u0131rken alabilece\u011fi ve\/veya alabilece\u011fi her t\u00fcrl\u00fc bilgi i\u00e7in ge\u00e7erlidir.<\/em><\/strong><\/p>\n<p>\u00a0<\/p>\n<p>Siteden talep etti\u011finiz her t\u00fcrl\u00fc talebi kar\u015f\u0131lamak ve size hizmet sunmak amac\u0131yla bilgilerinizi topluyor, sakl\u0131yor ve analiz ediyoruz. Unvan, isim, cinsiyet, e-posta adresi, posta adresi, telefon numaras\u0131, cep telefonu numaras\u0131, faks numaras\u0131, \u00f6deme bilgileri, nakit \u00f6deme veya banka hesap bilgileri dahil olmak \u00fczere ki\u015fisel bilgilerinizi toplayabiliriz. Bize sa\u011flad\u0131\u011f\u0131n\u0131z bilgileri kullanarak sipari\u015flerinizi i\u015fliyor ve web sitemizde sunulan hizmetleri ve bilgileri ihtiya\u00e7lar\u0131n\u0131za g\u00f6re sa\u011fl\u0131yoruz.<\/p>\n<p>\u00a0<\/p>\n<p>Gadim Gala Studios web sitesinde gezinirken, Kullan\u0131c\u0131ya ili\u015fkin a\u015fa\u011f\u0131daki anonim istatistiksel bilgiler otomatik olarak (\u00e7erezlerden) toplan\u0131r:<\/p>\n<ul>\n<li>Hizmet web sitesinde ger\u00e7ekle\u015ftirilen etkinli\u011fin t\u00fcr\u00fc (t\u0131klama, fareyle \u00fczerine gelme vb.);<\/li>\n<li>Eylemin tarihi ve saati;<\/li>\n<li>Sayfan\u0131n URL adresi;<\/li>\n<li>Y\u00f6n;<\/li>\n<li>IP (istatistiklerde IP adresleriyle \u00e7al\u0131\u015fma yetene\u011fi olmadan);<\/li>\n<li>Kullan\u0131c\u0131 arac\u0131s\u0131;<\/li>\n<li>ClientID (\u00e7erez tabanl\u0131 taray\u0131c\u0131 tan\u0131mlay\u0131c\u0131);<\/li>\n<li>Ekran g\u00f6r\u00fcnt\u00fcleme yetene\u011fi;<\/li>\n<li>T\u0131klanabilir HTML \u00f6\u011fesinin s\u0131n\u0131f\u0131;<\/li>\n<li>Kullan\u0131c\u0131n\u0131n Fon Hizmetleri aray\u00fcz\u00fcnde g\u00f6r\u00fcnt\u00fcledi\u011fi bilgilere ili\u015fkin bilgiler;<\/li>\n<li>Web sitesindeki formlar\u0131n\/uygulamalar\u0131n doldurulmas\u0131na ili\u015fkin ger\u00e7ekleri, doldurma s\u0131ras\u0131ndaki hatalar\u0131 i\u00e7eren bilgiler.<\/li>\n<\/ul>\t<\/div>\n<\/div><h5 class=\"edgtf-accordion-title\">\n    <span class=\"edgtf-accordion-mark\">\n\t\t<span class=\"edgtf_icon_plus arrow_carrot-down\"><\/span>\n\t\t<span class=\"edgtf_icon_minus arrow_carrot-up\"><\/span>\n\t<\/span>\n\t<span class=\"edgtf-tab-title\">G\u00fcvenlik<\/span>\n<\/h5>\n<div class=\"edgtf-accordion-content\">\n\t<div class=\"edgtf-accordion-content-inner\">\n\t\t<p><strong><em>Verilerinizle ilgili endi\u015feleriniz varsa, tuttu\u011fumuz veya analiz etti\u011fimiz ki\u015fisel verilerinize eri\u015fim talep etme hakk\u0131na sahipsiniz.<\/em><\/strong><\/p>\n<p>\u00a0<\/p>\n<p><!-- \/wp:paragraph --><!-- wp:paragraph --><\/p>\n<p>Bilgilerinizi \u00fccretsiz olarak d\u00fczeltmemizi isteyebilirsiniz. Verilerinizi pazarlama amac\u0131yla kullanmam\u0131z\u0131 istedi\u011finiz zaman durdurma hakk\u0131na sahipsiniz.<\/p>\t<\/div>\n<\/div><h5 class=\"edgtf-accordion-title\">\n    <span class=\"edgtf-accordion-mark\">\n\t\t<span class=\"edgtf_icon_plus arrow_carrot-down\"><\/span>\n\t\t<span class=\"edgtf_icon_minus arrow_carrot-up\"><\/span>\n\t<\/span>\n\t<span class=\"edgtf-tab-title\">Haklar\u0131n\u0131z<\/span>\n<\/h5>\n<div class=\"edgtf-accordion-content\">\n\t<div class=\"edgtf-accordion-content-inner\">\n\t\t<p><strong><em>Daha fazla bilgi i\u00e7in l\u00fctfen bu Gizlilik Politikas\u0131n\u0131 okuyun.<\/em><\/strong><\/p>\n<p>\u00a0<\/p>\n<p><!-- \/wp:paragraph --><!-- wp:paragraph --><\/p>\n<p>He\u00e7 bir \u00f6d\u0259ni\u015f etm\u0259d\u0259n m\u0259lumat\u0131n\u0131z\u0131 d\u00fcz\u0259ltm\u0259yimizi bizd\u0259n t\u0259l\u0259b ed\u0259 bil\u0259rsiniz. Marketinq m\u0259qs\u0259di il\u0259 m\u0259lumatlar\u0131n\u0131zdan istifad\u0259 etm\u0259yimizi ist\u0259diyiniz anda dayand\u0131rmaq h\u00fcququnuz var.<\/p>\t<\/div>\n<\/div>\t\t<\/div>\n\t\t\t\t\t\t<\/div>\n\t\t\t\t<\/div>\n\t\t\t\t\t<\/div>\n\t\t<\/div>\n\t\t\t\t\t<\/div>\n\t\t<\/section>\n\t\t\t\t<\/div>\n\t\t","protected":false},"excerpt":{"rendered":"<p>S\u0130Z\u0130N HAKLARINIZ VE B\u0130Z\u0130M HAKLARIMIZ Genel H\u00fck\u00fcmler Daha fazla bilgi i\u00e7in l\u00fctfen bu Gizlilik Politikas\u0131n\u0131 okuyun. \u00a0 [&hellip;]<\/p>\n","protected":false},"author":1,"featured_media":0,"parent":0,"menu_order":0,"comment_status":"closed","ping_status":"closed","template":"full-width.php","meta":{"_acf_changed":false,"pgc_sgb_lightbox_settings":"","footnotes":""},"class_list":["post-8167","page","type-page","status-publish","hentry"],"acf":[],"_links":{"self":[{"href":"https:\/\/gadimgalastudios.com\/tr\/wp-json\/wp\/v2\/pages\/8167","targetHints":{"allow":["GET"]}}],"collection":[{"href":"https:\/\/gadimgalastudios.com\/tr\/wp-json\/wp\/v2\/pages"}],"about":[{"href":"https:\/\/gadimgalastudios.com\/tr\/wp-json\/wp\/v2\/types\/page"}],"author":[{"embeddable":true,"href":"https:\/\/gadimgalastudios.com\/tr\/wp-json\/wp\/v2\/users\/1"}],"replies":[{"embeddable":true,"href":"https:\/\/gadimgalastudios.com\/tr\/wp-json\/wp\/v2\/comments?post=8167"}],"version-history":[{"count":22,"href":"https:\/\/gadimgalastudios.com\/tr\/wp-json\/wp\/v2\/pages\/8167\/revisions"}],"predecessor-version":[{"id":8512,"href":"https:\/\/gadimgalastudios.com\/tr\/wp-json\/wp\/v2\/pages\/8167\/revisions\/8512"}],"wp:attachment":[{"href":"https:\/\/gadimgalastudios.com\/tr\/wp-json\/wp\/v2\/media?parent=8167"}],"curies":[{"name":"wp","href":"https:\/\/api.w.org\/{rel}","templated":true}]}}